{"id":7,"date":"2017-02-08T22:25:46","date_gmt":"2017-02-08T21:25:46","guid":{"rendered":"http:\/\/adolf-pichler-huette.at\/?page_id=7"},"modified":"2025-03-26T10:35:34","modified_gmt":"2025-03-26T09:35:34","slug":"startseite","status":"publish","type":"page","link":"https:\/\/aph.dipplcloud.de\/en\/","title":{"rendered":"Adolf Pichler Hut"},"content":{"rendered":"<div class=\"row\">\n\t\t\t\t<div class=\"portfolio-loop-item col-md-6 col-sm-12 col-xs-12\" id=\"post-293\" class=\"is-loop post-293 portfolio type-portfolio status-publish has-post-thumbnail hentry portfolio_category-info\">\n\t\t\t<div class=\"portfolio-loop-item-wrap\">\n\t<figure class=\"portfolio-thumb thumb-loop\"><img loading=\"lazy\" decoding=\"async\" width=\"730\" height=\"360\" src=\"https:\/\/aph.dipplcloud.de\/wp-content\/uploads\/2024\/07\/Lebensgfuehl-Huette_quer-730x360.jpg\" class=\"attachment-post-thumbnail size-post-thumbnail wp-post-image\" alt=\"The Mountain Feeling\" \/><div class=\"portfolio-links\"><a href=\"https:\/\/aph.dipplcloud.de\/wp-content\/uploads\/2024\/07\/Lebensgfuehl-Huette_quer-scaled.jpg\" class=\"portfolio-zoom\"><\/a><a href=\"https:\/\/aph.dipplcloud.de\/en\/portfolio-item\/lebensgefuehl-berg\/\" class=\"portfolio-permalink\"><\/a><\/div><\/figure>\t<div class=\"portfolio-loop-item-content\">\n\t\t<h4><a href=\"https:\/\/aph.dipplcloud.de\/en\/portfolio-item\/lebensgefuehl-berg\/\">The Mountain Feeling<\/a><\/h4>\t\t<div class=\"portfolio-loop-item-excerpt\">\n\t\t\t<p>&#8220;We have made the hut our way of life&#8230;&#8221;<\/p>\n\t\t<\/div>\n\t<\/div>\n<\/div>\t\t<\/div>\n\t\t\t<div class=\"portfolio-loop-item col-md-6 col-sm-12 col-xs-12\" id=\"post-244\" class=\"is-loop post-244 portfolio type-portfolio status-publish has-post-thumbnail hentry portfolio_category-info\">\n\t\t\t<div class=\"portfolio-loop-item-wrap\">\n\t<figure class=\"portfolio-thumb thumb-loop\"><img loading=\"lazy\" decoding=\"async\" width=\"730\" height=\"360\" src=\"https:\/\/aph.dipplcloud.de\/wp-content\/uploads\/2017\/02\/bei-uns-seids-ihr-dahoam-730x360.jpeg\" class=\"attachment-post-thumbnail size-post-thumbnail wp-post-image\" alt=\"Feel yourself at home\" \/><div class=\"portfolio-links\"><a href=\"https:\/\/aph.dipplcloud.de\/wp-content\/uploads\/2017\/02\/bei-uns-seids-ihr-dahoam.jpeg\" class=\"portfolio-zoom\"><\/a><a href=\"https:\/\/aph.dipplcloud.de\/en\/portfolio-item\/beiunsseidsihrdahoam\/\" class=\"portfolio-permalink\"><\/a><\/div><\/figure>\t<div class=\"portfolio-loop-item-content\">\n\t\t<h4><a href=\"https:\/\/aph.dipplcloud.de\/en\/portfolio-item\/beiunsseidsihrdahoam\/\">Feel yourself at home<\/a><\/h4>\t\t<div class=\"portfolio-loop-item-excerpt\">\n\t\t\t<p>We want you to feel yourself at home and enjoy a good time with us.<br \/>\n&#8230;looking forward to seeing you \ud83d\ude42<\/p>\n\t\t<\/div>\n\t<\/div>\n<\/div>\t\t<\/div>\n\t\t\t<div class=\"portfolio-loop-item col-md-6 col-sm-12 col-xs-12\" id=\"post-698\" class=\"is-loop post-698 portfolio type-portfolio status-publish has-post-thumbnail hentry portfolio_category-info\">\n\t\t\t<div class=\"portfolio-loop-item-wrap\">\n\t<figure class=\"portfolio-thumb thumb-loop\"><img loading=\"lazy\" decoding=\"async\" width=\"730\" height=\"360\" src=\"https:\/\/aph.dipplcloud.de\/wp-content\/uploads\/2018\/03\/dHuettenschmankerl-740x360-730x360.jpeg\" class=\"attachment-post-thumbnail size-post-thumbnail wp-post-image\" alt=\"Hut delicacies\" \/><div class=\"portfolio-links\"><a href=\"https:\/\/aph.dipplcloud.de\/wp-content\/uploads\/2018\/03\/dHuettenschmankerl-740x360.jpeg\" class=\"portfolio-zoom\"><\/a><a href=\"https:\/\/aph.dipplcloud.de\/en\/portfolio-item\/huettnschmankerl\/\" class=\"portfolio-permalink\"><\/a><\/div><\/figure>\t<div class=\"portfolio-loop-item-content\">\n\t\t<h4><a href=\"https:\/\/aph.dipplcloud.de\/en\/portfolio-item\/huettnschmankerl\/\">Hut delicacies<\/a><\/h4>\t\t<div class=\"portfolio-loop-item-excerpt\">\n\t\t\t<p>Taste the Mountain Feeling also in our delicious traditional meals. <\/p>\n\t\t<\/div>\n\t<\/div>\n<\/div>\t\t<\/div>\n\t\t\t<div class=\"portfolio-loop-item col-md-6 col-sm-12 col-xs-12\" id=\"post-329\" class=\"is-loop post-329 portfolio type-portfolio status-publish has-post-thumbnail hentry portfolio_category-info\">\n\t\t\t<div class=\"portfolio-loop-item-wrap\">\n\t<figure class=\"portfolio-thumb thumb-loop\"><img loading=\"lazy\" decoding=\"async\" width=\"730\" height=\"360\" src=\"https:\/\/aph.dipplcloud.de\/wp-content\/uploads\/2017\/02\/H\u00fctte-730x360.jpg\" class=\"attachment-post-thumbnail size-post-thumbnail wp-post-image\" alt=\"Accomodation &#038; Events\" \/><div class=\"portfolio-links\"><a href=\"https:\/\/aph.dipplcloud.de\/wp-content\/uploads\/2017\/02\/H\u00fctte.jpg\" class=\"portfolio-zoom\"><\/a><a href=\"https:\/\/aph.dipplcloud.de\/en\/portfolio-item\/unterkunft-und-seminare\/\" class=\"portfolio-permalink\"><\/a><\/div><\/figure>\t<div class=\"portfolio-loop-item-content\">\n\t\t<h4><a href=\"https:\/\/aph.dipplcloud.de\/en\/portfolio-item\/unterkunft-und-seminare\/\">Accomodation &#038; Events<\/a><\/h4>\t\t<div class=\"portfolio-loop-item-excerpt\">\n\t\t\t<p>Enjoy your stay in comfortable rooms a little bit closer to heaven and the stars.\u00a0<\/p>\n\t\t<\/div>\n\t<\/div>\n<\/div>\t\t<\/div>\n\t\t\t<div class=\"portfolio-loop-item col-md-6 col-sm-12 col-xs-12\" id=\"post-229\" class=\"is-loop post-229 portfolio type-portfolio status-publish has-post-thumbnail hentry portfolio_category-info\">\n\t\t\t<div class=\"portfolio-loop-item-wrap\">\n\t<figure class=\"portfolio-thumb thumb-loop\"><img loading=\"lazy\" decoding=\"async\" width=\"730\" height=\"360\" src=\"https:\/\/aph.dipplcloud.de\/wp-content\/uploads\/2017\/02\/Geschichte-730x360.jpg\" class=\"attachment-post-thumbnail size-post-thumbnail wp-post-image\" alt=\"History\" \/><div class=\"portfolio-links\"><a href=\"https:\/\/aph.dipplcloud.de\/wp-content\/uploads\/2017\/02\/Geschichte.jpg\" class=\"portfolio-zoom\"><\/a><a href=\"https:\/\/aph.dipplcloud.de\/en\/portfolio-item\/geschichte\/\" class=\"portfolio-permalink\"><\/a><\/div><\/figure>\t<div class=\"portfolio-loop-item-content\">\n\t\t<h4><a href=\"https:\/\/aph.dipplcloud.de\/en\/portfolio-item\/geschichte\/\">History<\/a><\/h4>\t\t<div class=\"portfolio-loop-item-excerpt\">\n\t\t\t<p>The\u00a0Adolf Pichler Hut has been the center of alpine climbing in the area around Innsbruck. <\/p>\n\t\t<\/div>\n\t<\/div>\n<\/div>\t\t<\/div>\n\t\t\t<div class=\"portfolio-loop-item col-md-6 col-sm-12 col-xs-12\" id=\"post-1041\" class=\"is-loop post-1041 portfolio type-portfolio status-publish has-post-thumbnail hentry portfolio_category-info\">\n\t\t\t<div class=\"portfolio-loop-item-wrap\">\n\t<figure class=\"portfolio-thumb thumb-loop\"><img loading=\"lazy\" decoding=\"async\" width=\"730\" height=\"360\" src=\"https:\/\/aph.dipplcloud.de\/wp-content\/uploads\/2018\/04\/Blumen2-730x360.jpg\" class=\"attachment-post-thumbnail size-post-thumbnail wp-post-image\" alt=\"Geology and Flora\" \/><div class=\"portfolio-links\"><a href=\"https:\/\/aph.dipplcloud.de\/wp-content\/uploads\/2018\/04\/Blumen2.jpg\" class=\"portfolio-zoom\"><\/a><a href=\"https:\/\/aph.dipplcloud.de\/en\/portfolio-item\/geologie-und-flora\/\" class=\"portfolio-permalink\"><\/a><\/div><\/figure>\t<div class=\"portfolio-loop-item-content\">\n\t\t<h4><a href=\"https:\/\/aph.dipplcloud.de\/en\/portfolio-item\/geologie-und-flora\/\">Geology and Flora<\/a><\/h4>\t\t<div class=\"portfolio-loop-item-excerpt\">\n\t\t\t<p>Concerning geology the Kalkk\u00f6gel are very special and they also offer a wide variety of plants.<\/p>\n\t\t<\/div>\n\t<\/div>\n<\/div>\t\t<\/div>\n\t<\/div>\n","protected":false},"excerpt":{"rendered":"","protected":false},"author":1,"featured_media":0,"parent":0,"menu_order":0,"comment_status":"closed","ping_status":"closed","template":"","meta":{"footnotes":""},"class_list":["post-7","page","type-page","status-publish","hentry"],"translation":{"provider":"WPGlobus","version":"3.0.0","language":"en","enabled_languages":["de","en"],"languages":{"de":{"title":true,"content":true,"excerpt":false},"en":{"title":true,"content":true,"excerpt":false}}},"yoast_head":"<!-- This site is optimized with the Yoast SEO plugin v22.8 - https:\/\/yoast.com\/wordpress\/plugins\/seo\/ -->\n<title>Die Adolf Pichler H\u00fctte - Lebensgef\u00fchl Berg<\/title>\n<meta name=\"robots\" content=\"index, follow, max-snippet:-1, max-image-preview:large, max-video-preview:-1\" \/>\n<link rel=\"canonical\" href=\"https:\/\/aph.dipplcloud.de\/\" \/>\n<meta property=\"og:locale\" content=\"en_US\" \/>\n<meta property=\"og:type\" content=\"article\" \/>\n<meta property=\"og:title\" content=\"Die Adolf Pichler H\u00fctte - Lebensgef\u00fchl Berg\" \/>\n<meta property=\"og:url\" content=\"https:\/\/aph.dipplcloud.de\/\" \/>\n<meta property=\"og:site_name\" content=\"Adolf Pichler Hut\" \/>\n<meta property=\"article:modified_time\" content=\"2025-03-26T09:35:34+00:00\" \/>\n<meta name=\"twitter:card\" content=\"summary_large_image\" \/>\n<meta name=\"twitter:label1\" content=\"Est. reading time\" \/>\n\t<meta name=\"twitter:data1\" content=\"1 minute\" \/>\n<script type=\"application\/ld+json\" class=\"yoast-schema-graph\">{\"@context\":\"https:\/\/schema.org\",\"@graph\":[{\"@type\":\"WebPage\",\"@id\":\"https:\/\/aph.dipplcloud.de\/\",\"url\":\"https:\/\/aph.dipplcloud.de\/\",\"name\":\"Die Adolf Pichler H\u00fctte - Lebensgef\u00fchl Berg\",\"isPartOf\":{\"@id\":\"https:\/\/aph.dipplcloud.de\/#website\"},\"datePublished\":\"2017-02-08T21:25:46+00:00\",\"dateModified\":\"2025-03-26T09:35:34+00:00\",\"description\":\"Die Adolf Pichler H\u00fctte liegt auf einem Hochplateau am Fu\u00dfe der Kalkk\u00f6gel auf 1977m. H\u00fcttenschmankerl, Schlafen und Tagen \u2013 dem Himmel und den Sternen ein bisschen n\u00e4her. Das Sch\u00f6nste f\u00fcr uns ist, dass Ihr Euch wohlf\u00fchlt und eine gute Zeit mit uns habt. Bei uns seid's Ihr dahoam!\",\"breadcrumb\":{\"@id\":\"https:\/\/aph.dipplcloud.de\/#breadcrumb\"},\"inLanguage\":\"en-US\",\"potentialAction\":[{\"@type\":\"ReadAction\",\"target\":[\"https:\/\/aph.dipplcloud.de\/\"]}]},{\"@type\":\"BreadcrumbList\",\"@id\":\"https:\/\/aph.dipplcloud.de\/#breadcrumb\",\"itemListElement\":[{\"@type\":\"ListItem\",\"position\":1,\"name\":\"Startseite\",\"item\":\"https:\/\/aph.dipplcloud.de\/\"},{\"@type\":\"ListItem\",\"position\":2,\"name\":\"Adolf Pichler H\u00fctte\"}]},{\"@type\":\"WebSite\",\"@id\":\"https:\/\/aph.dipplcloud.de\/#website\",\"url\":\"https:\/\/aph.dipplcloud.de\/\",\"name\":\"Adolf Pichler Hut\",\"description\":\"\",\"potentialAction\":[{\"@type\":\"SearchAction\",\"target\":{\"@type\":\"EntryPoint\",\"urlTemplate\":\"https:\/\/aph.dipplcloud.de\/?s={search_term_string}\"},\"query-input\":\"required name=search_term_string\"}],\"inLanguage\":\"en-US\"}]}<\/script>\n<!-- \/ Yoast SEO plugin. -->","yoast_head_json":{"title":"Die Adolf Pichler H\u00fctte - Lebensgef\u00fchl Berg","robots":{"index":"index","follow":"follow","max-snippet":"max-snippet:-1","max-image-preview":"max-image-preview:large","max-video-preview":"max-video-preview:-1"},"canonical":"https:\/\/aph.dipplcloud.de\/","og_locale":"en_US","og_type":"article","og_title":"Die Adolf Pichler H\u00fctte - Lebensgef\u00fchl Berg","og_url":"https:\/\/aph.dipplcloud.de\/","og_site_name":"Adolf Pichler Hut","article_modified_time":"2025-03-26T09:35:34+00:00","twitter_card":"summary_large_image","twitter_misc":{"Est. reading time":"1 minute"},"schema":{"@context":"https:\/\/schema.org","@graph":[{"@type":"WebPage","@id":"https:\/\/aph.dipplcloud.de\/","url":"https:\/\/aph.dipplcloud.de\/","name":"Die Adolf Pichler H\u00fctte - Lebensgef\u00fchl Berg","isPartOf":{"@id":"https:\/\/aph.dipplcloud.de\/#website"},"datePublished":"2017-02-08T21:25:46+00:00","dateModified":"2025-03-26T09:35:34+00:00","description":"Die Adolf Pichler H\u00fctte liegt auf einem Hochplateau am Fu\u00dfe der Kalkk\u00f6gel auf 1977m. H\u00fcttenschmankerl, Schlafen und Tagen \u2013 dem Himmel und den Sternen ein bisschen n\u00e4her. Das Sch\u00f6nste f\u00fcr uns ist, dass Ihr Euch wohlf\u00fchlt und eine gute Zeit mit uns habt. Bei uns seid's Ihr dahoam!","breadcrumb":{"@id":"https:\/\/aph.dipplcloud.de\/#breadcrumb"},"inLanguage":"en-US","potentialAction":[{"@type":"ReadAction","target":["https:\/\/aph.dipplcloud.de\/"]}]},{"@type":"BreadcrumbList","@id":"https:\/\/aph.dipplcloud.de\/#breadcrumb","itemListElement":[{"@type":"ListItem","position":1,"name":"Startseite","item":"https:\/\/aph.dipplcloud.de\/"},{"@type":"ListItem","position":2,"name":"Adolf Pichler H\u00fctte"}]},{"@type":"WebSite","@id":"https:\/\/aph.dipplcloud.de\/#website","url":"https:\/\/aph.dipplcloud.de\/","name":"Adolf Pichler Hut","description":"","potentialAction":[{"@type":"SearchAction","target":{"@type":"EntryPoint","urlTemplate":"https:\/\/aph.dipplcloud.de\/?s={search_term_string}"},"query-input":"required name=search_term_string"}],"inLanguage":"en-US"}]}},"_links":{"self":[{"href":"https:\/\/aph.dipplcloud.de\/en\/wp-json\/wp\/v2\/pages\/7","targetHints":{"allow":["GET"]}}],"collection":[{"href":"https:\/\/aph.dipplcloud.de\/en\/wp-json\/wp\/v2\/pages"}],"about":[{"href":"https:\/\/aph.dipplcloud.de\/en\/wp-json\/wp\/v2\/types\/page"}],"author":[{"embeddable":true,"href":"https:\/\/aph.dipplcloud.de\/en\/wp-json\/wp\/v2\/users\/1"}],"replies":[{"embeddable":true,"href":"https:\/\/aph.dipplcloud.de\/en\/wp-json\/wp\/v2\/comments?post=7"}],"version-history":[{"count":49,"href":"https:\/\/aph.dipplcloud.de\/en\/wp-json\/wp\/v2\/pages\/7\/revisions"}],"predecessor-version":[{"id":47392,"href":"https:\/\/aph.dipplcloud.de\/en\/wp-json\/wp\/v2\/pages\/7\/revisions\/47392"}],"wp:attachment":[{"href":"https:\/\/aph.dipplcloud.de\/en\/wp-json\/wp\/v2\/media?parent=7"}],"curies":[{"name":"wp","href":"https:\/\/api.w.org\/{rel}","templated":true}]}}